{"id":29,"date":"2021-01-26T09:23:56","date_gmt":"2021-01-26T09:23:56","guid":{"rendered":"http:\/\/s407050575.online.de\/?page_id=29"},"modified":"2021-01-27T18:59:41","modified_gmt":"2021-01-27T18:59:41","slug":"leistungen","status":"publish","type":"page","link":"https:\/\/www.steuerbuero-burkhardt.de\/?page_id=29","title":{"rendered":"Unsere Leistungen"},"content":{"rendered":"\n<p><strong><span style=\"color:#104f6f\" class=\"has-inline-color\">Unternehmen<\/span><\/strong><br>Wir begleiten Sie bei Ihrer Existenzgr\u00fcndung, \u00fcbernehmen alle Aufgaben im Bereich der Lohn- und Finanzbuchhaltung, stehen Ihnen bei Bankgespr\u00e4chen zur Seite und beraten Sie in betriebswirtschaftlichen Fragen. Wir erstellen Ihren Jahresabschluss mit den zugeh\u00f6rigen Steuererkl\u00e4rungen und unterst\u00fctzen Sie im Falle einer Betriebspr\u00fcfung. Damit Ihr Unternehmen langfristig erfolgreich sein kann, ist es wichtig, gegebenenfalls Umstrukturierungen vorzunehmen und rechtzeitig Ihre Nachfolge zu planen. Wir erarbeiten gemeinsam die optimale L\u00f6sung f\u00fcr Sie.<\/p>\n\n\n\n<p><strong><span style=\"color:#104f6f\" class=\"has-inline-color\">Private Mandanten<\/span><\/strong><br>Einkommensteuererkl\u00e4rungen bzw. Erbschaft &#8211; \/Schenkungsteuererkl\u00e4rungen werden in unserem B\u00fcro weitestgehend im pers\u00f6nlichen Gespr\u00e4ch mit dem Berater erstellt. So k\u00f6nnen Ihre individuelle Situation und alle f\u00fcr die Steuererkl\u00e4rung wichtigen Details gekl\u00e4rt werden und Sie haben die M\u00f6glichkeit, Ihre Fragen mit uns zu besprechen. Die Steuererkl\u00e4rung wird anschlie\u00dfend nachbearbeitet und zeitnah fertig gestellt.<\/p>\n\n\n\n<p><strong><span style=\"color:#104f6f\" class=\"has-inline-color\">Kooperation mit Rechtsanwalt Stefan Wagner<\/span><\/strong><br>Im Laufe einer steuerlichen Beratung tauchen immer wieder auch rechtliche Fragen auf. Wir kooperieren deshalb mit der Rechtsanwalts- und Steuerberatungskanzlei Stefan Wagner und k\u00f6nnen so rechtliche Probleme im Haus l\u00f6sen.<\/p>\n\n\n\n<p><strong><span style=\"color:#104f6f\" class=\"has-inline-color\">Beratung auch in franz\u00f6sischer und russischer Sprache<\/span><\/strong><br>Es ist uns wichtig, Ihnen das \u00e4u\u00dferst komplizierte Steuerrecht m\u00f6glichst verst\u00e4ndlich zu erl\u00e4utern. Wir beraten Sie dabei auch gerne in franz\u00f6sischer oder russischer Sprache.<\/p>\n\n\n\n<p class=\"has-text-align-left has-small-font-size\"><strong><span style=\"color:#104f6f\" class=\"has-inline-color\"><strong>Sybille Burkhardt<\/strong> <\/span><\/strong><span class=\"has-inline-color has-black-color\">Steuerberaterin<br>Spitalstrasse 8 77971 Kippenheim<br>Tel: 07825 \/ 2021<\/span><\/p>\n","protected":false},"excerpt":{"rendered":"<p>UnternehmenWir begleiten Sie bei Ihrer Existenzgr\u00fcndung, \u00fcbernehmen alle Aufgaben im Bereich der Lohn- und Finanzbuchhaltung, stehen Ihnen bei Bankgespr\u00e4chen zur Seite und beraten Sie in betriebswirtschaftlichen Fragen. Wir erstellen Ihren Jahresabschluss mit den zugeh\u00f6rigen Steuererkl\u00e4rungen und unterst\u00fctzen Sie im Falle &hellip; <a href=\"https:\/\/www.steuerbuero-burkhardt.de\/?page_id=29\">Weiterlesen <span class=\"meta-nav\">&rarr;<\/span><\/a><\/p>\n","protected":false},"author":1,"featured_media":0,"parent":0,"menu_order":0,"comment_status":"closed","ping_status":"closed","template":"sidebar-page.php","meta":{"footnotes":""},"class_list":["post-29","page","type-page","status-publish","hentry"],"_links":{"self":[{"href":"https:\/\/www.steuerbuero-burkhardt.de\/index.php?rest_route=\/wp\/v2\/pages\/29","targetHints":{"allow":["GET"]}}],"collection":[{"href":"https:\/\/www.steuerbuero-burkhardt.de\/index.php?rest_route=\/wp\/v2\/pages"}],"about":[{"href":"https:\/\/www.steuerbuero-burkhardt.de\/index.php?rest_route=\/wp\/v2\/types\/page"}],"author":[{"embeddable":true,"href":"https:\/\/www.steuerbuero-burkhardt.de\/index.php?rest_route=\/wp\/v2\/users\/1"}],"replies":[{"embeddable":true,"href":"https:\/\/www.steuerbuero-burkhardt.de\/index.php?rest_route=%2Fwp%2Fv2%2Fcomments&post=29"}],"version-history":[{"count":7,"href":"https:\/\/www.steuerbuero-burkhardt.de\/index.php?rest_route=\/wp\/v2\/pages\/29\/revisions"}],"predecessor-version":[{"id":204,"href":"https:\/\/www.steuerbuero-burkhardt.de\/index.php?rest_route=\/wp\/v2\/pages\/29\/revisions\/204"}],"wp:attachment":[{"href":"https:\/\/www.steuerbuero-burkhardt.de\/index.php?rest_route=%2Fwp%2Fv2%2Fmedia&parent=29"}],"curies":[{"name":"wp","href":"https:\/\/api.w.org\/{rel}","templated":true}]}}