{"id":35,"date":"2021-01-26T09:30:38","date_gmt":"2021-01-26T09:30:38","guid":{"rendered":"http:\/\/s407050575.online.de\/?page_id=35"},"modified":"2021-01-27T17:58:22","modified_gmt":"2021-01-27T17:58:22","slug":"steuerberater","status":"publish","type":"page","link":"https:\/\/www.steuerbuero-burkhardt.de\/?page_id=35","title":{"rendered":"Unsere Steuerberater"},"content":{"rendered":"\n<p>Frau <strong><span style=\"color:#104f6f\" class=\"has-inline-color\">Sybille Burkhardt<\/span><\/strong> hat Betriebswirtschaftslehre an der Universit\u00e4t des Saarlandes studiert. Nach dem Abschluss des Diploms im Jahr 1995 war sie vier Jahre in einer mittelst\u00e4ndischen Wirtschaftspr\u00fcfungsgesellschaft in Saarbr\u00fccken t\u00e4tig.<br>Nach der Bestellung zur Steuerberaterin 1999 arbeitete sie vier Jahre in leitender Position f\u00fcr eine Steuerberatungsgesellschaft in Frankfurt, die haupts\u00e4chlich deutsche Tochtergesellschaften franz\u00f6sischer Unternehmen betreute.<br>Von 2003-2011 war sie als freie Mitarbeiterin f\u00fcr die Kanzlei ihres Vaters t\u00e4tig, seit dem 01.01.2012 leitet sie in dritter Generation die Kanzlei.<\/p>\n\n\n\n<p>Herr <strong><span style=\"color:#104f6f\" class=\"has-inline-color\">Albrecht Burkhardt<\/span><\/strong> trat nach Abschluss des Abiturs im Jahr 1964 in die Kanzlei seines Vaters Erich Burkhardt ein, der diese im Jahr 1955 gegr\u00fcndet hatte.<br>1967 beendete er seine Ausbildung zum Steuerfachangestellten. Nachdem er in 1972 die Pr\u00fcfung zum Steuerbevollm\u00e4chtigten absolviert hatte, bildete er sich im Jahr 1978 zum Steuerberater weiter.<br>Im Jahr 1983 \u00fcbernahm er die Kanzlei von seinem Vater und leitete diese 28 Jahre lang.<br>Zum 01.01.2012 \u00fcbergab er sein Unternehmen an seine Tochter, steht der Kanzlei aber weiterhin als freier Mitarbeiter zur Verf\u00fcgung.<\/p>\n\n\n\n<p>Frau <strong><span style=\"color:#104f6f\" class=\"has-inline-color\">Beate Stubanus-Lehre<\/span><\/strong> ist seit 1978 f\u00fcr die Kanzlei t\u00e4tig. Nachdem sie 1981 ihre Ausbildung zur Steuerfachangestellten abgeschlossen hatte, bildete sie sich im Jahr 1985 zur Bilanzbuchhalterin und im Jahr 2001 schlie\u00dflich zur Steuerberaterin weiter.<\/p>\n\n\n\n<p class=\"has-text-align-left has-small-font-size\"><span style=\"color:#104f6f\" class=\"has-inline-color\"><strong>Sybille Burkhardt<\/strong><\/span> Steuerberaterin<br>Spitalstrasse 8 77971 Kippenheim<br>Tel: 07825 \/ 2021<\/p>\n","protected":false},"excerpt":{"rendered":"<p>Frau Sybille Burkhardt hat Betriebswirtschaftslehre an der Universit\u00e4t des Saarlandes studiert. Nach dem Abschluss des Diploms im Jahr 1995 war sie vier Jahre in einer mittelst\u00e4ndischen Wirtschaftspr\u00fcfungsgesellschaft in Saarbr\u00fccken t\u00e4tig.Nach der Bestellung zur Steuerberaterin 1999 arbeitete sie vier Jahre in &hellip; <a href=\"https:\/\/www.steuerbuero-burkhardt.de\/?page_id=35\">Weiterlesen <span class=\"meta-nav\">&rarr;<\/span><\/a><\/p>\n","protected":false},"author":1,"featured_media":0,"parent":0,"menu_order":0,"comment_status":"closed","ping_status":"closed","template":"sidebar-page.php","meta":{"footnotes":""},"class_list":["post-35","page","type-page","status-publish","hentry"],"_links":{"self":[{"href":"https:\/\/www.steuerbuero-burkhardt.de\/index.php?rest_route=\/wp\/v2\/pages\/35","targetHints":{"allow":["GET"]}}],"collection":[{"href":"https:\/\/www.steuerbuero-burkhardt.de\/index.php?rest_route=\/wp\/v2\/pages"}],"about":[{"href":"https:\/\/www.steuerbuero-burkhardt.de\/index.php?rest_route=\/wp\/v2\/types\/page"}],"author":[{"embeddable":true,"href":"https:\/\/www.steuerbuero-burkhardt.de\/index.php?rest_route=\/wp\/v2\/users\/1"}],"replies":[{"embeddable":true,"href":"https:\/\/www.steuerbuero-burkhardt.de\/index.php?rest_route=%2Fwp%2Fv2%2Fcomments&post=35"}],"version-history":[{"count":6,"href":"https:\/\/www.steuerbuero-burkhardt.de\/index.php?rest_route=\/wp\/v2\/pages\/35\/revisions"}],"predecessor-version":[{"id":203,"href":"https:\/\/www.steuerbuero-burkhardt.de\/index.php?rest_route=\/wp\/v2\/pages\/35\/revisions\/203"}],"wp:attachment":[{"href":"https:\/\/www.steuerbuero-burkhardt.de\/index.php?rest_route=%2Fwp%2Fv2%2Fmedia&parent=35"}],"curies":[{"name":"wp","href":"https:\/\/api.w.org\/{rel}","templated":true}]}}